{"id":3462,"date":"2022-04-05T00:23:52","date_gmt":"2022-04-04T21:23:52","guid":{"rendered":"https:\/\/filosprotuning.gr\/ueber-uns\/"},"modified":"2025-09-13T19:26:09","modified_gmt":"2025-09-13T16:26:09","slug":"ueber-uns","status":"publish","type":"page","link":"https:\/\/filosprotuning.gr\/de\/ueber-uns\/","title":{"rendered":"\u00dcber uns"},"content":{"rendered":"\t\t<div data-elementor-type=\"wp-page\" data-elementor-id=\"3462\" class=\"elementor elementor-3462 elementor-197\" data-elementor-post-type=\"page\">\n\t\t\t\t\t\t<section class=\"elementor-section elementor-top-section elementor-element elementor-element-fba9da5 elementor-section-height-min-height elementor-section-boxed elementor-section-height-default elementor-section-items-middle\" data-id=\"fba9da5\" data-element_type=\"section\" data-e-type=\"section\" data-settings=\"{&quot;background_background&quot;:&quot;classic&quot;,&quot;jet_parallax_layout_list&quot;:[]}\">\n\t\t\t\t\t\t\t<div class=\"elementor-background-overlay\"><\/div>\n\t\t\t\t\t\t\t<div class=\"elementor-container elementor-column-gap-default\">\n\t\t\t\t\t<div class=\"elementor-column elementor-col-100 elementor-top-column elementor-element elementor-element-5d7bc70\" data-id=\"5d7bc70\" data-element_type=\"column\" data-e-type=\"column\">\n\t\t\t<div class=\"elementor-widget-wrap\">\n\t\t\t\t\t\t\t<\/div>\n\t\t<\/div>\n\t\t\t\t\t<\/div>\n\t\t<\/section>\n\t\t\t\t<section class=\"elementor-section elementor-top-section elementor-element elementor-element-7b7412f elementor-section-boxed elementor-section-height-default elementor-section-height-default\" data-id=\"7b7412f\" data-element_type=\"section\" data-e-type=\"section\" data-settings=\"{&quot;background_background&quot;:&quot;classic&quot;,&quot;jet_parallax_layout_list&quot;:[]}\">\n\t\t\t\t\t\t<div class=\"elementor-container elementor-column-gap-default\">\n\t\t\t\t\t<div class=\"elementor-column elementor-col-100 elementor-top-column elementor-element elementor-element-37b9853\" data-id=\"37b9853\" data-element_type=\"column\" data-e-type=\"column\" data-settings=\"{&quot;background_background&quot;:&quot;classic&quot;}\">\n\t\t\t<div class=\"elementor-widget-wrap elementor-element-populated\">\n\t\t\t\t\t\t<div class=\"elementor-element elementor-element-38b540e elementor-widget elementor-widget-heading\" data-id=\"38b540e\" data-element_type=\"widget\" data-e-type=\"widget\" data-widget_type=\"heading.default\">\n\t\t\t\t<div class=\"elementor-widget-container\">\n\t\t\t\t\t<h1 class=\"elementor-heading-title elementor-size-default\">\u00dcber uns<\/h1>\t\t\t\t<\/div>\n\t\t\t\t<\/div>\n\t\t\t\t<div class=\"elementor-element elementor-element-369dd09 elementor-widget elementor-widget-text-editor\" data-id=\"369dd09\" data-element_type=\"widget\" data-e-type=\"widget\" data-widget_type=\"text-editor.default\">\n\t\t\t\t<div class=\"elementor-widget-container\">\n\t\t\t\t\t\t\t\t\t<p>Nach jahrelanger Entwicklung durch <a href=\"https:\/\/filosrennsport.gr\/\" target=\"_blank\" rel=\"noopener\"><span style=\"text-decoration: underline;\">FILOS RENNSPORT<\/span><\/a> in Griechenland und im Ausland und angesichts der st\u00e4ndig steigenden Nachfrage nach hochwertigen Software-Dienstleistungen von Flottenmanagement- und Yachtunternehmen, haben wir uns entschieden FILOS PRO.TUNING ausschlie\u00dflich f\u00fcr professionelle Kunden zu gr\u00fcnden.<\/p>\t\t\t\t\t\t\t\t<\/div>\n\t\t\t\t<\/div>\n\t\t\t\t<div class=\"elementor-element elementor-element-64535d7 elementor-widget elementor-widget-text-editor\" data-id=\"64535d7\" data-element_type=\"widget\" data-e-type=\"widget\" data-widget_type=\"text-editor.default\">\n\t\t\t\t<div class=\"elementor-widget-container\">\n\t\t\t\t\t\t\t\t\t<p>Herz und Seele von FILOS PRO.TUNING ist Nikos Filos. . Er ist Diplom-Ingenieur Maschinenbau der Aristotelion Universit\u00e4t (Thessaloniki). Er hat au\u00dferdem einen BEng (Hons) in Maschinenbau von der Heriot-Watt Universit\u00e4t und einen MSc in Computational Fluid Dynamics von UMIST (Manchester). Nach seinem Erfolg in Griechenland, im Jahre 2015 expandierte er nach Gro\u00dfbritannien, wo er DynoTechRS mitbegr\u00fcndete, das heute der Ma\u00dfstab f\u00fcr ECU-programmierung von Hochleistungsfahrzeug in Gro\u00dfbritannien ist.<\/p>\t\t\t\t\t\t\t\t<\/div>\n\t\t\t\t<\/div>\n\t\t\t\t\t<\/div>\n\t\t<\/div>\n\t\t\t\t\t<\/div>\n\t\t<\/section>\n\t\t\t\t<section class=\"elementor-section elementor-top-section elementor-element elementor-element-d89789c elementor-section-boxed elementor-section-height-default elementor-section-height-default\" data-id=\"d89789c\" data-element_type=\"section\" data-e-type=\"section\" data-settings=\"{&quot;background_background&quot;:&quot;classic&quot;,&quot;jet_parallax_layout_list&quot;:[]}\">\n\t\t\t\t\t\t<div class=\"elementor-container elementor-column-gap-default\">\n\t\t\t\t\t<div class=\"elementor-column elementor-col-50 elementor-top-column elementor-element elementor-element-ca42142\" data-id=\"ca42142\" data-element_type=\"column\" data-e-type=\"column\">\n\t\t\t<div class=\"elementor-widget-wrap elementor-element-populated\">\n\t\t\t\t\t\t<div class=\"elementor-element elementor-element-2a817bb elementor-position-inline-start elementor-view-default elementor-mobile-position-block-start elementor-widget elementor-widget-icon-box\" data-id=\"2a817bb\" data-element_type=\"widget\" data-e-type=\"widget\" data-widget_type=\"icon-box.default\">\n\t\t\t\t<div class=\"elementor-widget-container\">\n\t\t\t\t\t\t\t<div class=\"elementor-icon-box-wrapper\">\n\n\t\t\t\t\t\t<div class=\"elementor-icon-box-icon\">\n\t\t\t\t<span  class=\"elementor-icon\">\n\t\t\t\t<i aria-hidden=\"true\" class=\"far fa-check-circle\"><\/i>\t\t\t\t<\/span>\n\t\t\t<\/div>\n\t\t\t\n\t\t\t\t\t\t<div class=\"elementor-icon-box-content\">\n\n\t\t\t\t\t\t\t\t\t<p class=\"elementor-icon-box-title\">\n\t\t\t\t\t\t<span  >\n\t\t\t\t\t\t\tSoftwareentwicklung\t\t\t\t\t\t<\/span>\n\t\t\t\t\t<\/p>\n\t\t\t\t\n\t\t\t\t\t\t\t\t\t<p class=\"elementor-icon-box-description\">\n\t\t\t\t\t\tDie Softwareentwicklung wird von einem Team von Ingenieuren und nach langj\u00e4hriger Forschung in spezialisierten Labors durchgef\u00fchrt.\n\t\t\t\t\t<\/p>\n\t\t\t\t\n\t\t\t<\/div>\n\t\t\t\n\t\t<\/div>\n\t\t\t\t\t\t<\/div>\n\t\t\t\t<\/div>\n\t\t\t\t\t<\/div>\n\t\t<\/div>\n\t\t\t\t<div class=\"elementor-column elementor-col-50 elementor-top-column elementor-element elementor-element-0bb7fc3\" data-id=\"0bb7fc3\" data-element_type=\"column\" data-e-type=\"column\">\n\t\t\t<div class=\"elementor-widget-wrap elementor-element-populated\">\n\t\t\t\t\t\t<div class=\"elementor-element elementor-element-a382b2e elementor-position-inline-start elementor-view-default elementor-mobile-position-block-start elementor-widget elementor-widget-icon-box\" data-id=\"a382b2e\" data-element_type=\"widget\" data-e-type=\"widget\" data-widget_type=\"icon-box.default\">\n\t\t\t\t<div class=\"elementor-widget-container\">\n\t\t\t\t\t\t\t<div class=\"elementor-icon-box-wrapper\">\n\n\t\t\t\t\t\t<div class=\"elementor-icon-box-icon\">\n\t\t\t\t<span  class=\"elementor-icon\">\n\t\t\t\t<i aria-hidden=\"true\" class=\"far fa-check-circle\"><\/i>\t\t\t\t<\/span>\n\t\t\t<\/div>\n\t\t\t\n\t\t\t\t\t\t<div class=\"elementor-icon-box-content\">\n\n\t\t\t\t\t\t\t\t\t<p class=\"elementor-icon-box-title\">\n\t\t\t\t\t\t<span  >\n\t\t\t\t\t\t\tSoftwarezertifizierung\t\t\t\t\t\t<\/span>\n\t\t\t\t\t<\/p>\n\t\t\t\t\n\t\t\t\t\t\t\t\t\t<p class=\"elementor-icon-box-description\">\n\t\t\t\t\t\tDie Zertifizierung der Software wurde in Zusammenarbeit mit der Oxford Brookes University und dem Britisches Unternehmen DynoTech RS durchgef\u00fchrt \nMaschinenbauingenieur Nikos Filos ist Miteigent\u00fcmer und technischer Direktor von DynoTechRS.\t\t\t\t\t<\/p>\n\t\t\t\t\n\t\t\t<\/div>\n\t\t\t\n\t\t<\/div>\n\t\t\t\t\t\t<\/div>\n\t\t\t\t<\/div>\n\t\t\t\t\t<\/div>\n\t\t<\/div>\n\t\t\t\t\t<\/div>\n\t\t<\/section>\n\t\t\t\t<section class=\"elementor-section elementor-top-section elementor-element elementor-element-81aaf25 elementor-section-boxed elementor-section-height-default elementor-section-height-default\" data-id=\"81aaf25\" data-element_type=\"section\" data-e-type=\"section\" data-settings=\"{&quot;jet_parallax_layout_list&quot;:[]}\">\n\t\t\t\t\t\t<div class=\"elementor-container elementor-column-gap-default\">\n\t\t\t\t\t<div class=\"elementor-column elementor-col-50 elementor-top-column elementor-element elementor-element-4076e09\" data-id=\"4076e09\" data-element_type=\"column\" data-e-type=\"column\">\n\t\t\t<div class=\"elementor-widget-wrap elementor-element-populated\">\n\t\t\t\t\t\t<div class=\"elementor-element elementor-element-b16eb06 elementor-widget elementor-widget-image\" data-id=\"b16eb06\" data-element_type=\"widget\" data-e-type=\"widget\" data-widget_type=\"image.default\">\n\t\t\t\t<div class=\"elementor-widget-container\">\n\t\t\t\t\t\t\t\t\t\t\t\t\t\t\t<img fetchpriority=\"high\" decoding=\"async\" width=\"900\" height=\"600\" src=\"https:\/\/filosprotuning.gr\/wp-content\/uploads\/2025\/09\/Trucks_Case-Study-Filos-Pro-Tuning.webp\" class=\"attachment-large size-large wp-image-4380\" alt=\"\" srcset=\"https:\/\/filosprotuning.gr\/wp-content\/uploads\/2025\/09\/Trucks_Case-Study-Filos-Pro-Tuning.webp 900w, https:\/\/filosprotuning.gr\/wp-content\/uploads\/2025\/09\/Trucks_Case-Study-Filos-Pro-Tuning-300x200.webp 300w, https:\/\/filosprotuning.gr\/wp-content\/uploads\/2025\/09\/Trucks_Case-Study-Filos-Pro-Tuning-768x512.webp 768w\" sizes=\"(max-width: 900px) 100vw, 900px\" \/>\t\t\t\t\t\t\t\t\t\t\t\t\t\t\t<\/div>\n\t\t\t\t<\/div>\n\t\t\t\t<div class=\"elementor-element elementor-element-9dc7187 elementor-widget elementor-widget-heading\" data-id=\"9dc7187\" data-element_type=\"widget\" data-e-type=\"widget\" data-widget_type=\"heading.default\">\n\t\t\t\t<div class=\"elementor-widget-container\">\n\t\t\t\t\t<h2 class=\"elementor-heading-title elementor-size-default\">Erfahrene und zuverl\u00e4ssige Aufr\u00fcstung Ihrer Fahrzeugflotte<\/h2>\t\t\t\t<\/div>\n\t\t\t\t<\/div>\n\t\t\t\t<div class=\"elementor-element elementor-element-1279f67 elementor-widget elementor-widget-text-editor\" data-id=\"1279f67\" data-element_type=\"widget\" data-e-type=\"widget\" data-widget_type=\"text-editor.default\">\n\t\t\t\t<div class=\"elementor-widget-container\">\n\t\t\t\t\t\t\t\t\t<p>Unser Ziel ist die Installation und der reibungslose Betrieb der ECO TUNING Software auf Hunderten von LKWs, alle Arten von Transportern und Bussen, aber auch auf Booten und Yachten. Wir haben ihren Besitzern geholfen, ihre Tankkosten um mehr als ein paar Millionen Euro pro Jahr zu reduzieren, und deshalb steht FILOS PRO.TUNING mit Stolz ganz oben auf der Liste f\u00fcr jeden Profi.<\/p>\t\t\t\t\t\t\t\t<\/div>\n\t\t\t\t<\/div>\n\t\t\t\t\t<\/div>\n\t\t<\/div>\n\t\t\t\t<div class=\"elementor-column elementor-col-50 elementor-top-column elementor-element elementor-element-e253ee4\" data-id=\"e253ee4\" data-element_type=\"column\" data-e-type=\"column\">\n\t\t\t<div class=\"elementor-widget-wrap elementor-element-populated\">\n\t\t\t\t\t\t<div class=\"elementor-element elementor-element-a2906e9 elementor-widget elementor-widget-image\" data-id=\"a2906e9\" data-element_type=\"widget\" data-e-type=\"widget\" data-widget_type=\"image.default\">\n\t\t\t\t<div class=\"elementor-widget-container\">\n\t\t\t\t\t\t\t\t\t\t\t\t\t\t\t<img decoding=\"async\" width=\"900\" height=\"600\" src=\"https:\/\/filosprotuning.gr\/wp-content\/uploads\/2025\/09\/gear-filos-pro-tuning.webp\" class=\"attachment-large size-large wp-image-4398\" alt=\"\" srcset=\"https:\/\/filosprotuning.gr\/wp-content\/uploads\/2025\/09\/gear-filos-pro-tuning.webp 900w, https:\/\/filosprotuning.gr\/wp-content\/uploads\/2025\/09\/gear-filos-pro-tuning-300x200.webp 300w, https:\/\/filosprotuning.gr\/wp-content\/uploads\/2025\/09\/gear-filos-pro-tuning-768x512.webp 768w\" sizes=\"(max-width: 900px) 100vw, 900px\" \/>\t\t\t\t\t\t\t\t\t\t\t\t\t\t\t<\/div>\n\t\t\t\t<\/div>\n\t\t\t\t<div class=\"elementor-element elementor-element-064ad9e elementor-widget elementor-widget-heading\" data-id=\"064ad9e\" data-element_type=\"widget\" data-e-type=\"widget\" data-widget_type=\"heading.default\">\n\t\t\t\t<div class=\"elementor-widget-container\">\n\t\t\t\t\t<h2 class=\"elementor-heading-title elementor-size-default\">ECU- Neuzuordnung und Erfahrung\/Know-How<\/h2>\t\t\t\t<\/div>\n\t\t\t\t<\/div>\n\t\t\t\t<div class=\"elementor-element elementor-element-b25ad5c elementor-widget elementor-widget-text-editor\" data-id=\"b25ad5c\" data-element_type=\"widget\" data-e-type=\"widget\" data-widget_type=\"text-editor.default\">\n\t\t\t\t<div class=\"elementor-widget-container\">\n\t\t\t\t\t\t\t\t\t<p>FILOS PRO.TUNING, neben der Programmierung des Motorsteuerger\u00e4ts, verf\u00fcgt auch \u00fcber das entsprechende Know-how, um Zusatzfunktionen wie Drehzahl- und Geschwindigkeitsbegrenzer sowie Telemetriedatenanalyse zu implementieren, um Fahrzeuge auf die Bed\u00fcrfnisse von Strecken und Fahrern abzustimmen. Es kann auch Seminare organisieren und anbieten, um die Fahrer darin zu schulen, die neuen M\u00f6glichkeiten ihres Fahrzeugs besser zu nutzen.<\/p>\t\t\t\t\t\t\t\t<\/div>\n\t\t\t\t<\/div>\n\t\t\t\t\t<\/div>\n\t\t<\/div>\n\t\t\t\t\t<\/div>\n\t\t<\/section>\n\t\t\t\t<\/div>\n\t\t","protected":false},"excerpt":{"rendered":"<p>\u00dcber uns Nach jahrelanger Entwicklung durch FILOS RENNSPORT in Griechenland und im Ausland und angesichts der st\u00e4ndig steigenden Nachfrage nach hochwertigen Software-Dienstleistungen von Flottenmanagement- und Yachtunternehmen, haben wir uns entschieden FILOS PRO.TUNING ausschlie\u00dflich f\u00fcr professionelle Kunden zu gr\u00fcnden. Herz und Seele von FILOS PRO.TUNING ist Nikos Filos. . Er ist Diplom-Ingenieur Maschinenbau der Aristotelion Universit\u00e4t [&hellip;]<\/p>\n","protected":false},"author":1,"featured_media":0,"parent":0,"menu_order":0,"comment_status":"closed","ping_status":"closed","template":"","meta":{"site-sidebar-layout":"no-sidebar","site-content-layout":"page-builder","ast-site-content-layout":"default","site-content-style":"default","site-sidebar-style":"default","ast-global-header-display":"","ast-banner-title-visibility":"","ast-main-header-display":"","ast-hfb-above-header-display":"","ast-hfb-below-header-display":"","ast-hfb-mobile-header-display":"","site-post-title":"disabled","ast-breadcrumbs-content":"","ast-featured-img":"disabled","footer-sml-layout":"","ast-disable-related-posts":"","theme-transparent-header-meta":"","adv-header-id-meta":"","stick-header-meta":"","header-above-stick-meta":"","header-main-stick-meta":"","header-below-stick-meta":"","astra-migrate-meta-layouts":"default","ast-page-background-enabled":"default","ast-page-background-meta":{"desktop":{"background-color":"var(--ast-global-color-4)","background-image":"","background-repeat":"repeat","background-position":"center center","background-size":"auto","background-attachment":"scroll","background-type":"","background-media":"","overlay-type":"","overlay-color":"","overlay-opacity":"","overlay-gradient":""},"tablet":{"background-color":"","background-image":"","background-repeat":"repeat","background-position":"center center","background-size":"auto","background-attachment":"scroll","background-type":"","background-media":"","overlay-type":"","overlay-color":"","overlay-opacity":"","overlay-gradient":""},"mobile":{"background-color":"","background-image":"","background-repeat":"repeat","background-position":"center center","background-size":"auto","background-attachment":"scroll","background-type":"","background-media":"","overlay-type":"","overlay-color":"","overlay-opacity":"","overlay-gradient":""}},"ast-content-background-meta":{"desktop":{"background-color":"var(--ast-global-color-5)","background-image":"","background-repeat":"repeat","background-position":"center center","background-size":"auto","background-attachment":"scroll","background-type":"","background-media":"","overlay-type":"","overlay-color":"","overlay-opacity":"","overlay-gradient":""},"tablet":{"background-color":"var(--ast-global-color-5)","background-image":"","background-repeat":"repeat","background-position":"center center","background-size":"auto","background-attachment":"scroll","background-type":"","background-media":"","overlay-type":"","overlay-color":"","overlay-opacity":"","overlay-gradient":""},"mobile":{"background-color":"var(--ast-global-color-5)","background-image":"","background-repeat":"repeat","background-position":"center center","background-size":"auto","background-attachment":"scroll","background-type":"","background-media":"","overlay-type":"","overlay-color":"","overlay-opacity":"","overlay-gradient":""}},"footnotes":""},"class_list":["post-3462","page","type-page","status-publish","hentry"],"yoast_head":"<!-- This site is optimized with the Yoast SEO plugin v27.3 - https:\/\/yoast.com\/product\/yoast-seo-wordpress\/ -->\n<title>\u00dcber uns - Filos Pro Tuning<\/title>\n<meta name=\"description\" content=\"Die Seele von Filos Pro Tuning ist Nikos Filos, Inhaber von Filos Rennsport und Mitinhaber von DynoTechRS (UK)\" \/>\n<meta name=\"robots\" content=\"index, follow, max-snippet:-1, max-image-preview:large, max-video-preview:-1\" \/>\n<link rel=\"canonical\" href=\"https:\/\/filosprotuning.gr\/de\/ueber-uns\/\" \/>\n<meta property=\"og:locale\" content=\"de_DE\" \/>\n<meta property=\"og:type\" content=\"article\" \/>\n<meta property=\"og:title\" content=\"\u00dcber uns - Filos Pro Tuning\" \/>\n<meta property=\"og:description\" content=\"Die Seele von Filos Pro Tuning ist Nikos Filos, Inhaber von Filos Rennsport und Mitinhaber von DynoTechRS (UK)\" \/>\n<meta property=\"og:url\" content=\"https:\/\/filosprotuning.gr\/de\/ueber-uns\/\" \/>\n<meta property=\"og:site_name\" content=\"Filos Pro Tuning\" \/>\n<meta property=\"article:publisher\" content=\"https:\/\/www.facebook.com\/FilosRennsport.tuning\/\" \/>\n<meta property=\"article:modified_time\" content=\"2025-09-13T16:26:09+00:00\" \/>\n<meta property=\"og:image\" content=\"https:\/\/filosprotuning.gr\/wp-content\/uploads\/2025\/09\/Trucks_Case-Study-Filos-Pro-Tuning.webp\" \/>\n\t<meta property=\"og:image:width\" content=\"900\" \/>\n\t<meta property=\"og:image:height\" content=\"600\" \/>\n\t<meta property=\"og:image:type\" content=\"image\/webp\" \/>\n<meta name=\"twitter:card\" content=\"summary_large_image\" \/>\n<meta name=\"twitter:label1\" content=\"Gesch\u00e4tzte Lesezeit\" \/>\n\t<meta name=\"twitter:data1\" content=\"2\u00a0Minuten\" \/>\n<script type=\"application\/ld+json\" class=\"yoast-schema-graph\">{\"@context\":\"https:\\\/\\\/schema.org\",\"@graph\":[{\"@type\":\"WebPage\",\"@id\":\"https:\\\/\\\/filosprotuning.gr\\\/de\\\/ueber-uns\\\/\",\"url\":\"https:\\\/\\\/filosprotuning.gr\\\/de\\\/ueber-uns\\\/\",\"name\":\"\u00dcber uns - Filos Pro Tuning\",\"isPartOf\":{\"@id\":\"https:\\\/\\\/filosprotuning.gr\\\/de\\\/#website\"},\"primaryImageOfPage\":{\"@id\":\"https:\\\/\\\/filosprotuning.gr\\\/de\\\/ueber-uns\\\/#primaryimage\"},\"image\":{\"@id\":\"https:\\\/\\\/filosprotuning.gr\\\/de\\\/ueber-uns\\\/#primaryimage\"},\"thumbnailUrl\":\"https:\\\/\\\/filosprotuning.gr\\\/wp-content\\\/uploads\\\/2025\\\/09\\\/Trucks_Case-Study-Filos-Pro-Tuning.webp\",\"datePublished\":\"2022-04-04T21:23:52+00:00\",\"dateModified\":\"2025-09-13T16:26:09+00:00\",\"description\":\"Die Seele von Filos Pro Tuning ist Nikos Filos, Inhaber von Filos Rennsport und Mitinhaber von DynoTechRS (UK)\",\"breadcrumb\":{\"@id\":\"https:\\\/\\\/filosprotuning.gr\\\/de\\\/ueber-uns\\\/#breadcrumb\"},\"inLanguage\":\"de\",\"potentialAction\":[{\"@type\":\"ReadAction\",\"target\":[\"https:\\\/\\\/filosprotuning.gr\\\/de\\\/ueber-uns\\\/\"]}]},{\"@type\":\"ImageObject\",\"inLanguage\":\"de\",\"@id\":\"https:\\\/\\\/filosprotuning.gr\\\/de\\\/ueber-uns\\\/#primaryimage\",\"url\":\"https:\\\/\\\/filosprotuning.gr\\\/wp-content\\\/uploads\\\/2025\\\/09\\\/Trucks_Case-Study-Filos-Pro-Tuning.webp\",\"contentUrl\":\"https:\\\/\\\/filosprotuning.gr\\\/wp-content\\\/uploads\\\/2025\\\/09\\\/Trucks_Case-Study-Filos-Pro-Tuning.webp\"},{\"@type\":\"BreadcrumbList\",\"@id\":\"https:\\\/\\\/filosprotuning.gr\\\/de\\\/ueber-uns\\\/#breadcrumb\",\"itemListElement\":[{\"@type\":\"ListItem\",\"position\":1,\"name\":\"Home\",\"item\":\"https:\\\/\\\/filosprotuning.gr\\\/de\\\/archiki\\\/\"},{\"@type\":\"ListItem\",\"position\":2,\"name\":\"\u00dcber uns\"}]},{\"@type\":\"WebSite\",\"@id\":\"https:\\\/\\\/filosprotuning.gr\\\/de\\\/#website\",\"url\":\"https:\\\/\\\/filosprotuning.gr\\\/de\\\/\",\"name\":\"Filos Pro Tuning\",\"description\":\"\",\"publisher\":{\"@id\":\"https:\\\/\\\/filosprotuning.gr\\\/de\\\/#organization\"},\"potentialAction\":[{\"@type\":\"SearchAction\",\"target\":{\"@type\":\"EntryPoint\",\"urlTemplate\":\"https:\\\/\\\/filosprotuning.gr\\\/de\\\/?s={search_term_string}\"},\"query-input\":{\"@type\":\"PropertyValueSpecification\",\"valueRequired\":true,\"valueName\":\"search_term_string\"}}],\"inLanguage\":\"de\"},{\"@type\":\"Organization\",\"@id\":\"https:\\\/\\\/filosprotuning.gr\\\/de\\\/#organization\",\"name\":\"Filos Rennsport\",\"url\":\"https:\\\/\\\/filosprotuning.gr\\\/de\\\/\",\"logo\":{\"@type\":\"ImageObject\",\"inLanguage\":\"de\",\"@id\":\"https:\\\/\\\/filosprotuning.gr\\\/de\\\/#\\\/schema\\\/logo\\\/image\\\/\",\"url\":\"https:\\\/\\\/filosprotuning.gr\\\/wp-content\\\/uploads\\\/2022\\\/05\\\/logo.jpg\",\"contentUrl\":\"https:\\\/\\\/filosprotuning.gr\\\/wp-content\\\/uploads\\\/2022\\\/05\\\/logo.jpg\",\"width\":495,\"height\":189,\"caption\":\"Filos Rennsport\"},\"image\":{\"@id\":\"https:\\\/\\\/filosprotuning.gr\\\/de\\\/#\\\/schema\\\/logo\\\/image\\\/\"},\"sameAs\":[\"https:\\\/\\\/www.facebook.com\\\/FilosRennsport.tuning\\\/\",\"https:\\\/\\\/www.instagram.com\\\/FilosRennsport.tuning\\\/\"]}]}<\/script>\n<!-- \/ Yoast SEO plugin. -->","yoast_head_json":{"title":"\u00dcber uns - Filos Pro Tuning","description":"Die Seele von Filos Pro Tuning ist Nikos Filos, Inhaber von Filos Rennsport und Mitinhaber von DynoTechRS (UK)","robots":{"index":"index","follow":"follow","max-snippet":"max-snippet:-1","max-image-preview":"max-image-preview:large","max-video-preview":"max-video-preview:-1"},"canonical":"https:\/\/filosprotuning.gr\/de\/ueber-uns\/","og_locale":"de_DE","og_type":"article","og_title":"\u00dcber uns - Filos Pro Tuning","og_description":"Die Seele von Filos Pro Tuning ist Nikos Filos, Inhaber von Filos Rennsport und Mitinhaber von DynoTechRS (UK)","og_url":"https:\/\/filosprotuning.gr\/de\/ueber-uns\/","og_site_name":"Filos Pro Tuning","article_publisher":"https:\/\/www.facebook.com\/FilosRennsport.tuning\/","article_modified_time":"2025-09-13T16:26:09+00:00","og_image":[{"width":900,"height":600,"url":"https:\/\/filosprotuning.gr\/wp-content\/uploads\/2025\/09\/Trucks_Case-Study-Filos-Pro-Tuning.webp","type":"image\/webp"}],"twitter_card":"summary_large_image","twitter_misc":{"Gesch\u00e4tzte Lesezeit":"2\u00a0Minuten"},"schema":{"@context":"https:\/\/schema.org","@graph":[{"@type":"WebPage","@id":"https:\/\/filosprotuning.gr\/de\/ueber-uns\/","url":"https:\/\/filosprotuning.gr\/de\/ueber-uns\/","name":"\u00dcber uns - Filos Pro Tuning","isPartOf":{"@id":"https:\/\/filosprotuning.gr\/de\/#website"},"primaryImageOfPage":{"@id":"https:\/\/filosprotuning.gr\/de\/ueber-uns\/#primaryimage"},"image":{"@id":"https:\/\/filosprotuning.gr\/de\/ueber-uns\/#primaryimage"},"thumbnailUrl":"https:\/\/filosprotuning.gr\/wp-content\/uploads\/2025\/09\/Trucks_Case-Study-Filos-Pro-Tuning.webp","datePublished":"2022-04-04T21:23:52+00:00","dateModified":"2025-09-13T16:26:09+00:00","description":"Die Seele von Filos Pro Tuning ist Nikos Filos, Inhaber von Filos Rennsport und Mitinhaber von DynoTechRS (UK)","breadcrumb":{"@id":"https:\/\/filosprotuning.gr\/de\/ueber-uns\/#breadcrumb"},"inLanguage":"de","potentialAction":[{"@type":"ReadAction","target":["https:\/\/filosprotuning.gr\/de\/ueber-uns\/"]}]},{"@type":"ImageObject","inLanguage":"de","@id":"https:\/\/filosprotuning.gr\/de\/ueber-uns\/#primaryimage","url":"https:\/\/filosprotuning.gr\/wp-content\/uploads\/2025\/09\/Trucks_Case-Study-Filos-Pro-Tuning.webp","contentUrl":"https:\/\/filosprotuning.gr\/wp-content\/uploads\/2025\/09\/Trucks_Case-Study-Filos-Pro-Tuning.webp"},{"@type":"BreadcrumbList","@id":"https:\/\/filosprotuning.gr\/de\/ueber-uns\/#breadcrumb","itemListElement":[{"@type":"ListItem","position":1,"name":"Home","item":"https:\/\/filosprotuning.gr\/de\/archiki\/"},{"@type":"ListItem","position":2,"name":"\u00dcber uns"}]},{"@type":"WebSite","@id":"https:\/\/filosprotuning.gr\/de\/#website","url":"https:\/\/filosprotuning.gr\/de\/","name":"Filos Pro Tuning","description":"","publisher":{"@id":"https:\/\/filosprotuning.gr\/de\/#organization"},"potentialAction":[{"@type":"SearchAction","target":{"@type":"EntryPoint","urlTemplate":"https:\/\/filosprotuning.gr\/de\/?s={search_term_string}"},"query-input":{"@type":"PropertyValueSpecification","valueRequired":true,"valueName":"search_term_string"}}],"inLanguage":"de"},{"@type":"Organization","@id":"https:\/\/filosprotuning.gr\/de\/#organization","name":"Filos Rennsport","url":"https:\/\/filosprotuning.gr\/de\/","logo":{"@type":"ImageObject","inLanguage":"de","@id":"https:\/\/filosprotuning.gr\/de\/#\/schema\/logo\/image\/","url":"https:\/\/filosprotuning.gr\/wp-content\/uploads\/2022\/05\/logo.jpg","contentUrl":"https:\/\/filosprotuning.gr\/wp-content\/uploads\/2022\/05\/logo.jpg","width":495,"height":189,"caption":"Filos Rennsport"},"image":{"@id":"https:\/\/filosprotuning.gr\/de\/#\/schema\/logo\/image\/"},"sameAs":["https:\/\/www.facebook.com\/FilosRennsport.tuning\/","https:\/\/www.instagram.com\/FilosRennsport.tuning\/"]}]}},"_links":{"self":[{"href":"https:\/\/filosprotuning.gr\/de\/wp-json\/wp\/v2\/pages\/3462","targetHints":{"allow":["GET"]}}],"collection":[{"href":"https:\/\/filosprotuning.gr\/de\/wp-json\/wp\/v2\/pages"}],"about":[{"href":"https:\/\/filosprotuning.gr\/de\/wp-json\/wp\/v2\/types\/page"}],"author":[{"embeddable":true,"href":"https:\/\/filosprotuning.gr\/de\/wp-json\/wp\/v2\/users\/1"}],"replies":[{"embeddable":true,"href":"https:\/\/filosprotuning.gr\/de\/wp-json\/wp\/v2\/comments?post=3462"}],"version-history":[{"count":5,"href":"https:\/\/filosprotuning.gr\/de\/wp-json\/wp\/v2\/pages\/3462\/revisions"}],"predecessor-version":[{"id":4425,"href":"https:\/\/filosprotuning.gr\/de\/wp-json\/wp\/v2\/pages\/3462\/revisions\/4425"}],"wp:attachment":[{"href":"https:\/\/filosprotuning.gr\/de\/wp-json\/wp\/v2\/media?parent=3462"}],"curies":[{"name":"wp","href":"https:\/\/api.w.org\/{rel}","templated":true}]}}